{"id":65,"date":"2025-03-11T12:42:22","date_gmt":"2025-03-11T11:42:22","guid":{"rendered":"https:\/\/voyages-alpha-top-depart.com\/thailande-6-19-juillet-2025\/?page_id=65"},"modified":"2025-03-11T12:50:16","modified_gmt":"2025-03-11T11:50:16","slug":"le-voyage","status":"publish","type":"page","link":"https:\/\/voyages-alpha-top-depart.com\/thailande-6-19-juillet-2025\/","title":{"rendered":"Le blog"},"content":{"rendered":"\n<p><strong>Bienvenue sur le blog de voyage Alpha Top D\u00e9part !<\/strong><\/p>\n\n\n\n<p>Plongez au c\u0153ur de l&rsquo;aventure avec notre blog exclusif, r\u00e9serv\u00e9 aux parents des jeunes voyageurs ! Ce site priv\u00e9 et s\u00e9curis\u00e9 vous permet de suivre, jour apr\u00e8s jour, le p\u00e9riple de votre enfant.<\/p>\n\n\n\n<p><strong>Une mise \u00e0 jour quotidienne<\/strong> Chaque jour, notre <strong>directeur de voyage<\/strong> ou son assistant partagera avec vous des nouvelles fra\u00eeches du groupe : photos, anecdotes, moments forts et informations pratiques. Une fa\u00e7on id\u00e9ale de vivre l&rsquo;exp\u00e9rience \u00e0 distance et de rassurer les familles tout au long du s\u00e9jour.<\/p>\n\n\n\n<p><strong>Comment acc\u00e9der aux publications ?<\/strong> L&rsquo;acc\u00e8s au blog est <strong>r\u00e9serv\u00e9 aux parents<\/strong> et n\u00e9cessite une connexion s\u00e9curis\u00e9e. Un identifiant et un mot de passe vous seront fournis avant le d\u00e9part afin que vous puissiez consulter le contenu en toute tranquillit\u00e9.<\/p>\n\n\n\n<p><strong>Un espace d&rsquo;\u00e9change et de partage<\/strong> Bien plus qu&rsquo;un simple journal de bord, ce blog est con\u00e7u pour cr\u00e9er du lien entre les familles et les jeunes voyageurs. Vous pourrez y retrouver des conseils, des messages de l&rsquo;encadrement et pourquoi pas, quelques surprises !<\/p>\n\n\n\n<p>Pr\u00e9parez-vous \u00e0 embarquer, m\u00eame \u00e0 distance, dans une exp\u00e9rience inoubliable !<\/p>\n\n\n\n<p><strong>Alpha Top D\u00e9part \u2013 Votre voyage commence ici !<\/strong><\/p>\n\n\n\n<hr class=\"wp-block-separator has-alpha-channel-opacity\"\/>\n\n\n<div id=\"pl-gb65-6a09556978a24\"  class=\"panel-layout\" ><div id=\"pg-gb65-6a09556978a24-0\"  class=\"panel-grid panel-no-style\" ><div id=\"pgc-gb65-6a09556978a24-0-0\"  class=\"panel-grid-cell\" ><div id=\"panel-gb65-6a09556978a24-0-0-0\" class=\"so-panel widget widget_sow-post-carousel panel-first-child panel-last-child\" data-index=\"0\" ><div\n\t\t\t\n\t\t\tclass=\"so-widget-sow-post-carousel so-widget-sow-post-carousel-base-0471499d4c66-65\"\n\t\t\t\n\t\t>\t<div\n\t\tclass=\"sow-post-carousel-wrapper sow-post-carousel-theme-base\"\n\t\tstyle=\"overflow: hidden; max-width: 100%; min-height: 182px\"\n\t>\n\t\t<div class=\"sow-carousel-title\">\n\t\t\t<div class=\"sow-carousel-navigation \">\n\t\t\t\t\t\t<a href=\"#\" class=\"sow-carousel-next\" title=\"Suivant\" aria-label=\"Next Posts\" role=\"button\"><\/a>\n\t\t\t\t\t\t<a href=\"#\" class=\"sow-carousel-previous\" title=\"Pr\u00e9c\u00e9dent\" aria-label=\"Previous Posts\" role=\"button\"><\/a>\n\t\t\t\t\t<\/div>\n\t<\/div>\n\n<div class=\"sow-carousel-container \">\n\t\t<div class=\"sow-carousel-wrapper\"\n\t\tdata-dir=\"ltr\"\n\t\tstyle=\"opacity: 0;\"\n\t\tdata-widget=\"post\" data-fetching=\"false\" data-page=\"1\" data-ajax-url=\"https:\/\/voyages-alpha-top-depart.com\/thailande-6-19-juillet-2025\/wp-admin\/admin-ajax.php?_widgets_nonce=a9bdb20cdb\" data-item_count=\"22\" data-carousel_settings=\"{&quot;loop&quot;:true,&quot;animation&quot;:&quot;ease&quot;,&quot;animation_speed&quot;:400,&quot;autoplay&quot;:&quot;off&quot;,&quot;pauseOnHover&quot;:&quot;&quot;,&quot;autoplaySpeed&quot;:8000,&quot;item_overflow&quot;:true,&quot;autoplay_continuous_scroll&quot;:false}\" data-responsive=\"{&quot;desktop_slides_to_scroll&quot;:1,&quot;tablet_landscape_breakpoint&quot;:1366,&quot;tablet_landscape_slides_to_scroll&quot;:2,&quot;tablet_portrait_breakpoint&quot;:1025,&quot;tablet_portrait_slides_to_scroll&quot;:2,&quot;mobile_breakpoint&quot;:480,&quot;mobile_slides_to_scroll&quot;:1}\" data-variable_width=\"true\" \t>\n\t\t<div\n\t\t\tclass=\"sow-carousel-items\"\n\t\t\t\t\t>\n\t\t\t\t<div class=\"sow-carousel-item\" tabindex=\"-1\" style=\"float: left;\">\n\t\t<div class=\"sow-carousel-thumbnail\">\n\t\t\t\t\t\t\t<a\n\t\t\t\t\thref=\"https:\/\/voyages-alpha-top-depart.com\/thailande-6-19-juillet-2025\/2025\/07\/20\/pour-cloturer-notre-beau-voyage\/\"\n\t\t\t\t\t\t\t\t\t\tstyle=\"background-image: url( https:\/\/voyages-alpha-top-depart.com\/thailande-6-19-juillet-2025\/wp-content\/uploads\/sites\/13\/2025\/07\/WhatsApp-Image-2025-07-19-at-21.16.02-272x182.jpeg )\"\n\t\t\t\t\taria-labelledby=\"sow-carousel-id-156\"\n\t\t\t\t\ttabindex=\"-1\"\n\t\t\t\t>\n\t\t\t\t\t<span class=\"overlay\"><\/span>\n\t\t\t\t<\/a>\n\t\t\t\t\t<\/div>\n\t\t<h3 class=\"sow-carousel-item-title\">\n\t\t\t<a\n\t\t\t\thref=\"https:\/\/voyages-alpha-top-depart.com\/thailande-6-19-juillet-2025\/2025\/07\/20\/pour-cloturer-notre-beau-voyage\/\"\n\t\t\t\tid=\"sow-carousel-id-156\"\n\t\t\t\t\t\t\t\ttabindex=\"-1\"\n\t\t\t>\n\n\t\t\t\tPour cl\u00f4turer notre beau voyage :\u00a0\t\t\t<\/a>\n\t\t<\/h3>\n\t<\/div>\n\t\t<div class=\"sow-carousel-item\" tabindex=\"-1\" style=\"float: left;\">\n\t\t<div class=\"sow-carousel-thumbnail\">\n\t\t\t\t\t\t\t<a\n\t\t\t\t\thref=\"https:\/\/voyages-alpha-top-depart.com\/thailande-6-19-juillet-2025\/2025\/07\/19\/10eme-destination-retour-en-france\/\"\n\t\t\t\t\t\t\t\t\t\tstyle=\"background-image: url( https:\/\/voyages-alpha-top-depart.com\/thailande-6-19-juillet-2025\/wp-content\/uploads\/sites\/13\/2025\/05\/WhatsApp-Image-2025-07-19-at-05.22.34d-272x182.jpeg )\"\n\t\t\t\t\taria-labelledby=\"sow-carousel-id-154\"\n\t\t\t\t\ttabindex=\"-1\"\n\t\t\t\t>\n\t\t\t\t\t<span class=\"overlay\"><\/span>\n\t\t\t\t<\/a>\n\t\t\t\t\t<\/div>\n\t\t<h3 class=\"sow-carousel-item-title\">\n\t\t\t<a\n\t\t\t\thref=\"https:\/\/voyages-alpha-top-depart.com\/thailande-6-19-juillet-2025\/2025\/07\/19\/10eme-destination-retour-en-france\/\"\n\t\t\t\tid=\"sow-carousel-id-154\"\n\t\t\t\t\t\t\t\ttabindex=\"-1\"\n\t\t\t>\n\n\t\t\t\t10\u00e8me destination : Retour en France.\t\t\t<\/a>\n\t\t<\/h3>\n\t<\/div>\n\t\t<div class=\"sow-carousel-item\" tabindex=\"-1\" style=\"float: left;\">\n\t\t<div class=\"sow-carousel-thumbnail\">\n\t\t\t\t\t\t\t<a\n\t\t\t\t\thref=\"https:\/\/voyages-alpha-top-depart.com\/thailande-6-19-juillet-2025\/2025\/07\/19\/9eme-destination-retour-a-bangkok\/\"\n\t\t\t\t\t\t\t\t\t\tstyle=\"background-image: url( https:\/\/voyages-alpha-top-depart.com\/thailande-6-19-juillet-2025\/wp-content\/uploads\/sites\/13\/2025\/07\/WhatsApp-Image-2025-07-18-at-14.31.41-272x182.jpeg )\"\n\t\t\t\t\taria-labelledby=\"sow-carousel-id-152\"\n\t\t\t\t\ttabindex=\"-1\"\n\t\t\t\t>\n\t\t\t\t\t<span class=\"overlay\"><\/span>\n\t\t\t\t<\/a>\n\t\t\t\t\t<\/div>\n\t\t<h3 class=\"sow-carousel-item-title\">\n\t\t\t<a\n\t\t\t\thref=\"https:\/\/voyages-alpha-top-depart.com\/thailande-6-19-juillet-2025\/2025\/07\/19\/9eme-destination-retour-a-bangkok\/\"\n\t\t\t\tid=\"sow-carousel-id-152\"\n\t\t\t\t\t\t\t\ttabindex=\"-1\"\n\t\t\t>\n\n\t\t\t\t9\u00e8me destination : Retour \u00e0 Bangkok.\t\t\t<\/a>\n\t\t<\/h3>\n\t<\/div>\n\t\t<div class=\"sow-carousel-item\" tabindex=\"-1\" style=\"float: left;\">\n\t\t<div class=\"sow-carousel-thumbnail\">\n\t\t\t\t\t\t\t<a\n\t\t\t\t\thref=\"https:\/\/voyages-alpha-top-depart.com\/thailande-6-19-juillet-2025\/2025\/07\/18\/8eme-destination-le-parc-aquatique-de-ramayana\/\"\n\t\t\t\t\t\t\t\t\t\tstyle=\"background-image: url( https:\/\/voyages-alpha-top-depart.com\/thailande-6-19-juillet-2025\/wp-content\/uploads\/sites\/13\/2025\/07\/WhatsApp-Image-2025-07-17-at-06.49.14-272x182.jpeg )\"\n\t\t\t\t\taria-labelledby=\"sow-carousel-id-148\"\n\t\t\t\t\ttabindex=\"-1\"\n\t\t\t\t>\n\t\t\t\t\t<span class=\"overlay\"><\/span>\n\t\t\t\t<\/a>\n\t\t\t\t\t<\/div>\n\t\t<h3 class=\"sow-carousel-item-title\">\n\t\t\t<a\n\t\t\t\thref=\"https:\/\/voyages-alpha-top-depart.com\/thailande-6-19-juillet-2025\/2025\/07\/18\/8eme-destination-le-parc-aquatique-de-ramayana\/\"\n\t\t\t\tid=\"sow-carousel-id-148\"\n\t\t\t\t\t\t\t\ttabindex=\"-1\"\n\t\t\t>\n\n\t\t\t\t8\u00e8me destination : Le parc Aquatique de Ramayana.\t\t\t<\/a>\n\t\t<\/h3>\n\t<\/div>\n\t\t<div class=\"sow-carousel-item\" tabindex=\"-1\" style=\"float: left;\">\n\t\t<div class=\"sow-carousel-thumbnail\">\n\t\t\t\t\t\t\t<a\n\t\t\t\t\thref=\"https:\/\/voyages-alpha-top-depart.com\/thailande-6-19-juillet-2025\/2025\/07\/17\/7eme-destination-le-surprenant-jardin-botanique-de-suan-nong-nooch\/\"\n\t\t\t\t\t\t\t\t\t\tstyle=\"background-image: url( https:\/\/voyages-alpha-top-depart.com\/thailande-6-19-juillet-2025\/wp-content\/uploads\/sites\/13\/2025\/07\/WhatsApp-Image-2025-07-16-at-11.32.41-272x182.jpeg )\"\n\t\t\t\t\taria-labelledby=\"sow-carousel-id-150\"\n\t\t\t\t\ttabindex=\"-1\"\n\t\t\t\t>\n\t\t\t\t\t<span class=\"overlay\"><\/span>\n\t\t\t\t<\/a>\n\t\t\t\t\t<\/div>\n\t\t<h3 class=\"sow-carousel-item-title\">\n\t\t\t<a\n\t\t\t\thref=\"https:\/\/voyages-alpha-top-depart.com\/thailande-6-19-juillet-2025\/2025\/07\/17\/7eme-destination-le-surprenant-jardin-botanique-de-suan-nong-nooch\/\"\n\t\t\t\tid=\"sow-carousel-id-150\"\n\t\t\t\t\t\t\t\ttabindex=\"-1\"\n\t\t\t>\n\n\t\t\t\t7\u00e8me destination : Le surprenant jardin botanique de Suan Nong Nooch.\t\t\t<\/a>\n\t\t<\/h3>\n\t<\/div>\n\t\t<div class=\"sow-carousel-item\" tabindex=\"-1\" style=\"float: left;\">\n\t\t<div class=\"sow-carousel-thumbnail\">\n\t\t\t\t\t\t\t<a\n\t\t\t\t\thref=\"https:\/\/voyages-alpha-top-depart.com\/thailande-6-19-juillet-2025\/2025\/07\/16\/6eme-destination-les-paradisiaques-plages-de-jomtien\/\"\n\t\t\t\t\t\t\t\t\t\tstyle=\"background-image: url( https:\/\/voyages-alpha-top-depart.com\/thailande-6-19-juillet-2025\/wp-content\/uploads\/sites\/13\/2025\/07\/WhatsApp-Image-2025-07-15-at-12.26.40-272x182.jpeg )\"\n\t\t\t\t\taria-labelledby=\"sow-carousel-id-146\"\n\t\t\t\t\ttabindex=\"-1\"\n\t\t\t\t>\n\t\t\t\t\t<span class=\"overlay\"><\/span>\n\t\t\t\t<\/a>\n\t\t\t\t\t<\/div>\n\t\t<h3 class=\"sow-carousel-item-title\">\n\t\t\t<a\n\t\t\t\thref=\"https:\/\/voyages-alpha-top-depart.com\/thailande-6-19-juillet-2025\/2025\/07\/16\/6eme-destination-les-paradisiaques-plages-de-jomtien\/\"\n\t\t\t\tid=\"sow-carousel-id-146\"\n\t\t\t\t\t\t\t\ttabindex=\"-1\"\n\t\t\t>\n\n\t\t\t\t6\u00e8me destination : Les paradisiaques plages de Jomtien.\t\t\t<\/a>\n\t\t<\/h3>\n\t<\/div>\n\t\t<div class=\"sow-carousel-item\" tabindex=\"-1\" style=\"float: left;\">\n\t\t<div class=\"sow-carousel-thumbnail\">\n\t\t\t\t\t\t\t<a\n\t\t\t\t\thref=\"https:\/\/voyages-alpha-top-depart.com\/thailande-6-19-juillet-2025\/2025\/07\/15\/5eme-destination-retour-a-bangkok-en-train-couchette\/\"\n\t\t\t\t\t\t\t\t\t\tstyle=\"background-image: url( https:\/\/voyages-alpha-top-depart.com\/thailande-6-19-juillet-2025\/wp-content\/uploads\/sites\/13\/2025\/07\/WhatsApp-Image-2025-07-14-at-05.24.41-272x182.jpeg )\"\n\t\t\t\t\taria-labelledby=\"sow-carousel-id-144\"\n\t\t\t\t\ttabindex=\"-1\"\n\t\t\t\t>\n\t\t\t\t\t<span class=\"overlay\"><\/span>\n\t\t\t\t<\/a>\n\t\t\t\t\t<\/div>\n\t\t<h3 class=\"sow-carousel-item-title\">\n\t\t\t<a\n\t\t\t\thref=\"https:\/\/voyages-alpha-top-depart.com\/thailande-6-19-juillet-2025\/2025\/07\/15\/5eme-destination-retour-a-bangkok-en-train-couchette\/\"\n\t\t\t\tid=\"sow-carousel-id-144\"\n\t\t\t\t\t\t\t\ttabindex=\"-1\"\n\t\t\t>\n\n\t\t\t\t5\u00e8me destination : Retour \u00e0 Bangkok en train couchette.\t\t\t<\/a>\n\t\t<\/h3>\n\t<\/div>\n\t\t<div class=\"sow-carousel-item\" tabindex=\"-1\" style=\"float: left;\">\n\t\t<div class=\"sow-carousel-thumbnail\">\n\t\t\t\t\t\t\t<a\n\t\t\t\t\thref=\"https:\/\/voyages-alpha-top-depart.com\/thailande-6-19-juillet-2025\/2025\/07\/13\/4eme-destination-chiang-mai-la-rose-du-nord-part-2\/\"\n\t\t\t\t\t\t\t\t\t\tstyle=\"background-image: url( https:\/\/voyages-alpha-top-depart.com\/thailande-6-19-juillet-2025\/wp-content\/uploads\/sites\/13\/2025\/07\/WhatsApp-Image-2025-07-13-at-12.01.33-272x182.jpeg )\"\n\t\t\t\t\taria-labelledby=\"sow-carousel-id-141\"\n\t\t\t\t\ttabindex=\"-1\"\n\t\t\t\t>\n\t\t\t\t\t<span class=\"overlay\"><\/span>\n\t\t\t\t<\/a>\n\t\t\t\t\t<\/div>\n\t\t<h3 class=\"sow-carousel-item-title\">\n\t\t\t<a\n\t\t\t\thref=\"https:\/\/voyages-alpha-top-depart.com\/thailande-6-19-juillet-2025\/2025\/07\/13\/4eme-destination-chiang-mai-la-rose-du-nord-part-2\/\"\n\t\t\t\tid=\"sow-carousel-id-141\"\n\t\t\t\t\t\t\t\ttabindex=\"-1\"\n\t\t\t>\n\n\t\t\t\t4\u00e8me destination : Chiang Ma\u00ef, la rose du nord (part. 2).\t\t\t<\/a>\n\t\t<\/h3>\n\t<\/div>\n\t\t<div class=\"sow-carousel-item\" tabindex=\"-1\" style=\"float: left;\">\n\t\t<div class=\"sow-carousel-thumbnail\">\n\t\t\t\t\t\t\t<a\n\t\t\t\t\thref=\"https:\/\/voyages-alpha-top-depart.com\/thailande-6-19-juillet-2025\/2025\/07\/12\/4eme-destination-chiang-mai-la-rose-du-nord-part-1\/\"\n\t\t\t\t\t\t\t\t\t\tstyle=\"background-image: url( https:\/\/voyages-alpha-top-depart.com\/thailande-6-19-juillet-2025\/wp-content\/uploads\/sites\/13\/2025\/07\/WhatsApp-Image-2025-07-12-at-11.24.12A-272x182.jpeg )\"\n\t\t\t\t\taria-labelledby=\"sow-carousel-id-139\"\n\t\t\t\t\ttabindex=\"-1\"\n\t\t\t\t>\n\t\t\t\t\t<span class=\"overlay\"><\/span>\n\t\t\t\t<\/a>\n\t\t\t\t\t<\/div>\n\t\t<h3 class=\"sow-carousel-item-title\">\n\t\t\t<a\n\t\t\t\thref=\"https:\/\/voyages-alpha-top-depart.com\/thailande-6-19-juillet-2025\/2025\/07\/12\/4eme-destination-chiang-mai-la-rose-du-nord-part-1\/\"\n\t\t\t\tid=\"sow-carousel-id-139\"\n\t\t\t\t\t\t\t\ttabindex=\"-1\"\n\t\t\t>\n\n\t\t\t\t4\u00e8me destination : Chiang Ma\u00ef, la rose du nord (part. 1).\t\t\t<\/a>\n\t\t<\/h3>\n\t<\/div>\n\t\t<div class=\"sow-carousel-item\" tabindex=\"-1\" style=\"float: left;\">\n\t\t<div class=\"sow-carousel-thumbnail\">\n\t\t\t\t\t\t\t<a\n\t\t\t\t\thref=\"https:\/\/voyages-alpha-top-depart.com\/thailande-6-19-juillet-2025\/2025\/07\/11\/3eme-destination-la-legendaire-et-mystique-riviere-kwai\/\"\n\t\t\t\t\t\t\t\t\t\tstyle=\"background-image: url( https:\/\/voyages-alpha-top-depart.com\/thailande-6-19-juillet-2025\/wp-content\/uploads\/sites\/13\/2025\/05\/A-272x182.jpeg )\"\n\t\t\t\t\taria-labelledby=\"sow-carousel-id-137\"\n\t\t\t\t\ttabindex=\"-1\"\n\t\t\t\t>\n\t\t\t\t\t<span class=\"overlay\"><\/span>\n\t\t\t\t<\/a>\n\t\t\t\t\t<\/div>\n\t\t<h3 class=\"sow-carousel-item-title\">\n\t\t\t<a\n\t\t\t\thref=\"https:\/\/voyages-alpha-top-depart.com\/thailande-6-19-juillet-2025\/2025\/07\/11\/3eme-destination-la-legendaire-et-mystique-riviere-kwai\/\"\n\t\t\t\tid=\"sow-carousel-id-137\"\n\t\t\t\t\t\t\t\ttabindex=\"-1\"\n\t\t\t>\n\n\t\t\t\t3\u00e8me destination : La l\u00e9gendaire et mystique Rivi\u00e8re Kwa\u00ef.\t\t\t<\/a>\n\t\t<\/h3>\n\t<\/div>\n\t\t\t<\/div>\n\t\t\t<\/div>\n\n\t<\/div>\n\t\t<input type=\"hidden\" name=\"instance_hash\" value=\"e0df57bd\"\/>\n\t<\/div>\n<\/div><\/div><\/div><\/div><\/div>","protected":false},"excerpt":{"rendered":"<p>Bienvenue sur le blog de voyage Alpha Top D\u00e9part ! Plongez au c\u0153ur de l&rsquo;aventure avec notre blog exclusif, r\u00e9serv\u00e9 aux parents des jeunes voyageurs ! Ce site priv\u00e9 et s\u00e9curis\u00e9 vous permet de suivre, jour apr\u00e8s jour, le p\u00e9riple de votre enfant. Une mise \u00e0 jour quotidienne Chaque jour, notre directeur de voyage ou [&hellip;]<\/p>\n","protected":false},"author":1,"featured_media":0,"parent":0,"menu_order":0,"comment_status":"closed","ping_status":"closed","template":"","meta":{"jetpack_post_was_ever_published":false,"footnotes":""},"class_list":["post-65","page","type-page","status-publish","hentry","post"],"yoast_head":"<!-- This site is optimized with the Yoast SEO plugin v25.9 - https:\/\/yoast.com\/wordpress\/plugins\/seo\/ -->\n<title>Le blog - La Tha\u00eflande, pays du sourire, du 6 au 19 juillet 2025<\/title>\n<meta name=\"robots\" content=\"index, follow, max-snippet:-1, max-image-preview:large, max-video-preview:-1\" \/>\n<link rel=\"canonical\" href=\"https:\/\/voyages-alpha-top-depart.com\/thailande-6-19-juillet-2025\/\" \/>\n<meta property=\"og:locale\" content=\"fr_FR\" \/>\n<meta property=\"og:type\" content=\"article\" \/>\n<meta property=\"og:title\" content=\"Le blog - La Tha\u00eflande, pays du sourire, du 6 au 19 juillet 2025\" \/>\n<meta property=\"og:description\" content=\"Bienvenue sur le blog de voyage Alpha Top D\u00e9part ! Plongez au c\u0153ur de l&rsquo;aventure avec notre blog exclusif, r\u00e9serv\u00e9 aux parents des jeunes voyageurs ! Ce site priv\u00e9 et s\u00e9curis\u00e9 vous permet de suivre, jour apr\u00e8s jour, le p\u00e9riple de votre enfant. Une mise \u00e0 jour quotidienne Chaque jour, notre directeur de voyage ou [&hellip;]\" \/>\n<meta property=\"og:url\" content=\"https:\/\/voyages-alpha-top-depart.com\/thailande-6-19-juillet-2025\/\" \/>\n<meta property=\"og:site_name\" content=\"La Tha\u00eflande, pays du sourire, du 6 au 19 juillet 2025\" \/>\n<meta property=\"article:modified_time\" content=\"2025-03-11T11:50:16+00:00\" \/>\n<meta name=\"twitter:card\" content=\"summary_large_image\" \/>\n<meta name=\"twitter:label1\" content=\"Dur\u00e9e de lecture estim\u00e9e\" \/>\n\t<meta name=\"twitter:data1\" content=\"1 minute\" \/>\n<script type=\"application\/ld+json\" class=\"yoast-schema-graph\">{\"@context\":\"https:\/\/schema.org\",\"@graph\":[{\"@type\":\"WebPage\",\"@id\":\"https:\/\/voyages-alpha-top-depart.com\/thailande-6-19-juillet-2025\/\",\"url\":\"https:\/\/voyages-alpha-top-depart.com\/thailande-6-19-juillet-2025\/\",\"name\":\"Le blog - La Tha\u00eflande, pays du sourire, du 6 au 19 juillet 2025\",\"isPartOf\":{\"@id\":\"https:\/\/voyages-alpha-top-depart.com\/thailande-6-19-juillet-2025\/#website\"},\"datePublished\":\"2025-03-11T11:42:22+00:00\",\"dateModified\":\"2025-03-11T11:50:16+00:00\",\"breadcrumb\":{\"@id\":\"https:\/\/voyages-alpha-top-depart.com\/thailande-6-19-juillet-2025\/#breadcrumb\"},\"inLanguage\":\"fr-FR\",\"potentialAction\":[{\"@type\":\"ReadAction\",\"target\":[\"https:\/\/voyages-alpha-top-depart.com\/thailande-6-19-juillet-2025\/\"]}]},{\"@type\":\"BreadcrumbList\",\"@id\":\"https:\/\/voyages-alpha-top-depart.com\/thailande-6-19-juillet-2025\/#breadcrumb\",\"itemListElement\":[{\"@type\":\"ListItem\",\"position\":1,\"name\":\"Accueil\",\"item\":\"https:\/\/voyages-alpha-top-depart.com\/thailande-6-19-juillet-2025\/\"},{\"@type\":\"ListItem\",\"position\":2,\"name\":\"Le blog\"}]},{\"@type\":\"WebSite\",\"@id\":\"https:\/\/voyages-alpha-top-depart.com\/thailande-6-19-juillet-2025\/#website\",\"url\":\"https:\/\/voyages-alpha-top-depart.com\/thailande-6-19-juillet-2025\/\",\"name\":\"La Tha\u00eflande, pays du sourire, du 6 au 19 juillet 2025\",\"description\":\"Les voyages ALPHA TOP DEPART\",\"potentialAction\":[{\"@type\":\"SearchAction\",\"target\":{\"@type\":\"EntryPoint\",\"urlTemplate\":\"https:\/\/voyages-alpha-top-depart.com\/thailande-6-19-juillet-2025\/?s={search_term_string}\"},\"query-input\":{\"@type\":\"PropertyValueSpecification\",\"valueRequired\":true,\"valueName\":\"search_term_string\"}}],\"inLanguage\":\"fr-FR\"}]}<\/script>\n<!-- \/ Yoast SEO plugin. -->","yoast_head_json":{"title":"Le blog - La Tha\u00eflande, pays du sourire, du 6 au 19 juillet 2025","robots":{"index":"index","follow":"follow","max-snippet":"max-snippet:-1","max-image-preview":"max-image-preview:large","max-video-preview":"max-video-preview:-1"},"canonical":"https:\/\/voyages-alpha-top-depart.com\/thailande-6-19-juillet-2025\/","og_locale":"fr_FR","og_type":"article","og_title":"Le blog - La Tha\u00eflande, pays du sourire, du 6 au 19 juillet 2025","og_description":"Bienvenue sur le blog de voyage Alpha Top D\u00e9part ! Plongez au c\u0153ur de l&rsquo;aventure avec notre blog exclusif, r\u00e9serv\u00e9 aux parents des jeunes voyageurs ! Ce site priv\u00e9 et s\u00e9curis\u00e9 vous permet de suivre, jour apr\u00e8s jour, le p\u00e9riple de votre enfant. Une mise \u00e0 jour quotidienne Chaque jour, notre directeur de voyage ou [&hellip;]","og_url":"https:\/\/voyages-alpha-top-depart.com\/thailande-6-19-juillet-2025\/","og_site_name":"La Tha\u00eflande, pays du sourire, du 6 au 19 juillet 2025","article_modified_time":"2025-03-11T11:50:16+00:00","twitter_card":"summary_large_image","twitter_misc":{"Dur\u00e9e de lecture estim\u00e9e":"1 minute"},"schema":{"@context":"https:\/\/schema.org","@graph":[{"@type":"WebPage","@id":"https:\/\/voyages-alpha-top-depart.com\/thailande-6-19-juillet-2025\/","url":"https:\/\/voyages-alpha-top-depart.com\/thailande-6-19-juillet-2025\/","name":"Le blog - La Tha\u00eflande, pays du sourire, du 6 au 19 juillet 2025","isPartOf":{"@id":"https:\/\/voyages-alpha-top-depart.com\/thailande-6-19-juillet-2025\/#website"},"datePublished":"2025-03-11T11:42:22+00:00","dateModified":"2025-03-11T11:50:16+00:00","breadcrumb":{"@id":"https:\/\/voyages-alpha-top-depart.com\/thailande-6-19-juillet-2025\/#breadcrumb"},"inLanguage":"fr-FR","potentialAction":[{"@type":"ReadAction","target":["https:\/\/voyages-alpha-top-depart.com\/thailande-6-19-juillet-2025\/"]}]},{"@type":"BreadcrumbList","@id":"https:\/\/voyages-alpha-top-depart.com\/thailande-6-19-juillet-2025\/#breadcrumb","itemListElement":[{"@type":"ListItem","position":1,"name":"Accueil","item":"https:\/\/voyages-alpha-top-depart.com\/thailande-6-19-juillet-2025\/"},{"@type":"ListItem","position":2,"name":"Le blog"}]},{"@type":"WebSite","@id":"https:\/\/voyages-alpha-top-depart.com\/thailande-6-19-juillet-2025\/#website","url":"https:\/\/voyages-alpha-top-depart.com\/thailande-6-19-juillet-2025\/","name":"La Tha\u00eflande, pays du sourire, du 6 au 19 juillet 2025","description":"Les voyages ALPHA TOP DEPART","potentialAction":[{"@type":"SearchAction","target":{"@type":"EntryPoint","urlTemplate":"https:\/\/voyages-alpha-top-depart.com\/thailande-6-19-juillet-2025\/?s={search_term_string}"},"query-input":{"@type":"PropertyValueSpecification","valueRequired":true,"valueName":"search_term_string"}}],"inLanguage":"fr-FR"}]}},"jetpack_sharing_enabled":true,"jetpack_shortlink":"https:\/\/wp.me\/P9SJM0-13","_links":{"self":[{"href":"https:\/\/voyages-alpha-top-depart.com\/thailande-6-19-juillet-2025\/wp-json\/wp\/v2\/pages\/65","targetHints":{"allow":["GET"]}}],"collection":[{"href":"https:\/\/voyages-alpha-top-depart.com\/thailande-6-19-juillet-2025\/wp-json\/wp\/v2\/pages"}],"about":[{"href":"https:\/\/voyages-alpha-top-depart.com\/thailande-6-19-juillet-2025\/wp-json\/wp\/v2\/types\/page"}],"author":[{"embeddable":true,"href":"https:\/\/voyages-alpha-top-depart.com\/thailande-6-19-juillet-2025\/wp-json\/wp\/v2\/users\/1"}],"replies":[{"embeddable":true,"href":"https:\/\/voyages-alpha-top-depart.com\/thailande-6-19-juillet-2025\/wp-json\/wp\/v2\/comments?post=65"}],"version-history":[{"count":8,"href":"https:\/\/voyages-alpha-top-depart.com\/thailande-6-19-juillet-2025\/wp-json\/wp\/v2\/pages\/65\/revisions"}],"predecessor-version":[{"id":77,"href":"https:\/\/voyages-alpha-top-depart.com\/thailande-6-19-juillet-2025\/wp-json\/wp\/v2\/pages\/65\/revisions\/77"}],"wp:attachment":[{"href":"https:\/\/voyages-alpha-top-depart.com\/thailande-6-19-juillet-2025\/wp-json\/wp\/v2\/media?parent=65"}],"curies":[{"name":"wp","href":"https:\/\/api.w.org\/{rel}","templated":true}]}}