{"id":67,"date":"2025-03-11T12:59:17","date_gmt":"2025-03-11T11:59:17","guid":{"rendered":"https:\/\/voyages-alpha-top-depart.com\/modele\/?page_id=67"},"modified":"2025-03-11T13:00:02","modified_gmt":"2025-03-11T12:00:02","slug":"le-blog","status":"publish","type":"page","link":"http:\/\/voyages-alpha-top-depart.com\/modele\/le-blog\/","title":{"rendered":"Le blog"},"content":{"rendered":"\n<p><strong>Bienvenue sur le blog de voyage Alpha Top D\u00e9part !<\/strong><\/p>\n\n\n\n<p>Plongez au c\u0153ur de l\u2019aventure avec notre blog exclusif, r\u00e9serv\u00e9 aux parents des jeunes voyageurs ! Ce site priv\u00e9 et s\u00e9curis\u00e9 vous permet de suivre, jour apr\u00e8s jour, le p\u00e9riple de votre enfant.<\/p>\n\n\n\n<p><strong>Une mise \u00e0 jour quotidienne<\/strong> Chaque jour, notre <strong>directeur de voyage<\/strong> ou son assistant partagera avec vous des nouvelles fra\u00eeches du groupe : photos, anecdotes, moments forts et informations pratiques. Une fa\u00e7on id\u00e9ale de vivre l\u2019exp\u00e9rience \u00e0 distance et de rassurer les familles tout au long du s\u00e9jour.<\/p>\n\n\n\n<p><strong>Comment acc\u00e9der aux publications ?<\/strong> L\u2019acc\u00e8s au blog est <strong>r\u00e9serv\u00e9 aux parents<\/strong> et n\u00e9cessite une connexion s\u00e9curis\u00e9e. Un identifiant et un mot de passe vous seront fournis avant le d\u00e9part afin que vous puissiez consulter le contenu en toute tranquillit\u00e9.<\/p>\n\n\n\n<p><strong>Un espace d\u2019\u00e9change et de partage<\/strong> Bien plus qu\u2019un simple journal de bord, ce blog est con\u00e7u pour cr\u00e9er du lien entre les familles et les jeunes voyageurs. Vous pourrez y retrouver des conseils, des messages de l\u2019encadrement et pourquoi pas, quelques surprises !<\/p>\n\n\n\n<p>Pr\u00e9parez-vous \u00e0 embarquer, m\u00eame \u00e0 distance, dans une exp\u00e9rience inoubliable !<\/p>\n\n\n\n<p><strong>Alpha Top D\u00e9part \u2013 Votre voyage commence ici !<\/strong><\/p>\n\n\n\n<hr class=\"wp-block-separator has-alpha-channel-opacity\"\/>\n\n\n<div\n\t\t\t\n\t\t\tclass=\"so-widget-sow-post-carousel so-widget-sow-post-carousel-base-0471499d4c66\"\n\t\t\t\n\t\t><\/div>","protected":false},"excerpt":{"rendered":"<p>Bienvenue sur le blog de voyage Alpha Top D\u00e9part ! Plongez au c\u0153ur de l\u2019aventure avec notre blog exclusif, r\u00e9serv\u00e9 aux parents des jeunes voyageurs ! Ce site priv\u00e9 et s\u00e9curis\u00e9 vous permet de suivre, jour apr\u00e8s jour, le p\u00e9riple de votre enfant. Une mise \u00e0 jour quotidienne Chaque jour, notre directeur de voyage ou [&hellip;]<\/p>\n","protected":false},"author":1,"featured_media":66,"parent":0,"menu_order":0,"comment_status":"closed","ping_status":"closed","template":"","meta":{"jetpack_post_was_ever_published":false,"footnotes":""},"class_list":["post-67","page","type-page","status-publish","has-post-thumbnail","hentry","post","post-with-thumbnail","post-with-thumbnail-large"],"yoast_head":"<!-- This site is optimized with the Yoast SEO plugin v25.9 - https:\/\/yoast.com\/wordpress\/plugins\/seo\/ -->\n<title>Le blog - Mod\u00e8le<\/title>\n<meta name=\"robots\" content=\"index, follow, max-snippet:-1, max-image-preview:large, max-video-preview:-1\" \/>\n<link rel=\"canonical\" href=\"http:\/\/voyages-alpha-top-depart.com\/modele\/le-blog\/\" \/>\n<meta property=\"og:locale\" content=\"fr_FR\" \/>\n<meta property=\"og:type\" content=\"article\" \/>\n<meta property=\"og:title\" content=\"Le blog - Mod\u00e8le\" \/>\n<meta property=\"og:description\" content=\"Bienvenue sur le blog de voyage Alpha Top D\u00e9part ! Plongez au c\u0153ur de l\u2019aventure avec notre blog exclusif, r\u00e9serv\u00e9 aux parents des jeunes voyageurs ! Ce site priv\u00e9 et s\u00e9curis\u00e9 vous permet de suivre, jour apr\u00e8s jour, le p\u00e9riple de votre enfant. Une mise \u00e0 jour quotidienne Chaque jour, notre directeur de voyage ou [&hellip;]\" \/>\n<meta property=\"og:url\" content=\"http:\/\/voyages-alpha-top-depart.com\/modele\/le-blog\/\" \/>\n<meta property=\"og:site_name\" content=\"Mod\u00e8le\" \/>\n<meta property=\"article:modified_time\" content=\"2025-03-11T12:00:02+00:00\" \/>\n<meta property=\"og:image\" content=\"http:\/\/voyages-alpha-top-depart.com\/modele\/wp-content\/uploads\/sites\/9\/2025\/03\/mother-child-home-holding-airplane-figurine-top-map-scaled.jpg\" \/>\n\t<meta property=\"og:image:width\" content=\"2560\" \/>\n\t<meta property=\"og:image:height\" content=\"1955\" \/>\n\t<meta property=\"og:image:type\" content=\"image\/jpeg\" \/>\n<meta name=\"twitter:card\" content=\"summary_large_image\" \/>\n<meta name=\"twitter:label1\" content=\"Dur\u00e9e de lecture estim\u00e9e\" \/>\n\t<meta name=\"twitter:data1\" content=\"2 minutes\" \/>\n<script type=\"application\/ld+json\" class=\"yoast-schema-graph\">{\"@context\":\"https:\/\/schema.org\",\"@graph\":[{\"@type\":\"WebPage\",\"@id\":\"http:\/\/voyages-alpha-top-depart.com\/modele\/le-blog\/\",\"url\":\"http:\/\/voyages-alpha-top-depart.com\/modele\/le-blog\/\",\"name\":\"Le blog - Mod\u00e8le\",\"isPartOf\":{\"@id\":\"http:\/\/voyages-alpha-top-depart.com\/modele\/#website\"},\"primaryImageOfPage\":{\"@id\":\"http:\/\/voyages-alpha-top-depart.com\/modele\/le-blog\/#primaryimage\"},\"image\":{\"@id\":\"http:\/\/voyages-alpha-top-depart.com\/modele\/le-blog\/#primaryimage\"},\"thumbnailUrl\":\"http:\/\/voyages-alpha-top-depart.com\/modele\/wp-content\/uploads\/sites\/9\/2025\/03\/mother-child-home-holding-airplane-figurine-top-map-scaled.jpg\",\"datePublished\":\"2025-03-11T11:59:17+00:00\",\"dateModified\":\"2025-03-11T12:00:02+00:00\",\"breadcrumb\":{\"@id\":\"http:\/\/voyages-alpha-top-depart.com\/modele\/le-blog\/#breadcrumb\"},\"inLanguage\":\"fr-FR\",\"potentialAction\":[{\"@type\":\"ReadAction\",\"target\":[\"http:\/\/voyages-alpha-top-depart.com\/modele\/le-blog\/\"]}]},{\"@type\":\"ImageObject\",\"inLanguage\":\"fr-FR\",\"@id\":\"http:\/\/voyages-alpha-top-depart.com\/modele\/le-blog\/#primaryimage\",\"url\":\"http:\/\/voyages-alpha-top-depart.com\/modele\/wp-content\/uploads\/sites\/9\/2025\/03\/mother-child-home-holding-airplane-figurine-top-map-scaled.jpg\",\"contentUrl\":\"http:\/\/voyages-alpha-top-depart.com\/modele\/wp-content\/uploads\/sites\/9\/2025\/03\/mother-child-home-holding-airplane-figurine-top-map-scaled.jpg\",\"width\":2560,\"height\":1955},{\"@type\":\"BreadcrumbList\",\"@id\":\"http:\/\/voyages-alpha-top-depart.com\/modele\/le-blog\/#breadcrumb\",\"itemListElement\":[{\"@type\":\"ListItem\",\"position\":1,\"name\":\"Accueil\",\"item\":\"http:\/\/voyages-alpha-top-depart.com\/modele\/\"},{\"@type\":\"ListItem\",\"position\":2,\"name\":\"Le blog\"}]},{\"@type\":\"WebSite\",\"@id\":\"http:\/\/voyages-alpha-top-depart.com\/modele\/#website\",\"url\":\"http:\/\/voyages-alpha-top-depart.com\/modele\/\",\"name\":\"Mod\u00e8le\",\"description\":\"Les voyages ALPHA TOP DEPART\",\"potentialAction\":[{\"@type\":\"SearchAction\",\"target\":{\"@type\":\"EntryPoint\",\"urlTemplate\":\"http:\/\/voyages-alpha-top-depart.com\/modele\/?s={search_term_string}\"},\"query-input\":{\"@type\":\"PropertyValueSpecification\",\"valueRequired\":true,\"valueName\":\"search_term_string\"}}],\"inLanguage\":\"fr-FR\"}]}<\/script>\n<!-- \/ Yoast SEO plugin. -->","yoast_head_json":{"title":"Le blog - Mod\u00e8le","robots":{"index":"index","follow":"follow","max-snippet":"max-snippet:-1","max-image-preview":"max-image-preview:large","max-video-preview":"max-video-preview:-1"},"canonical":"http:\/\/voyages-alpha-top-depart.com\/modele\/le-blog\/","og_locale":"fr_FR","og_type":"article","og_title":"Le blog - Mod\u00e8le","og_description":"Bienvenue sur le blog de voyage Alpha Top D\u00e9part ! Plongez au c\u0153ur de l\u2019aventure avec notre blog exclusif, r\u00e9serv\u00e9 aux parents des jeunes voyageurs ! Ce site priv\u00e9 et s\u00e9curis\u00e9 vous permet de suivre, jour apr\u00e8s jour, le p\u00e9riple de votre enfant. Une mise \u00e0 jour quotidienne Chaque jour, notre directeur de voyage ou [&hellip;]","og_url":"http:\/\/voyages-alpha-top-depart.com\/modele\/le-blog\/","og_site_name":"Mod\u00e8le","article_modified_time":"2025-03-11T12:00:02+00:00","og_image":[{"width":2560,"height":1955,"url":"http:\/\/voyages-alpha-top-depart.com\/modele\/wp-content\/uploads\/sites\/9\/2025\/03\/mother-child-home-holding-airplane-figurine-top-map-scaled.jpg","type":"image\/jpeg"}],"twitter_card":"summary_large_image","twitter_misc":{"Dur\u00e9e de lecture estim\u00e9e":"2 minutes"},"schema":{"@context":"https:\/\/schema.org","@graph":[{"@type":"WebPage","@id":"http:\/\/voyages-alpha-top-depart.com\/modele\/le-blog\/","url":"http:\/\/voyages-alpha-top-depart.com\/modele\/le-blog\/","name":"Le blog - Mod\u00e8le","isPartOf":{"@id":"http:\/\/voyages-alpha-top-depart.com\/modele\/#website"},"primaryImageOfPage":{"@id":"http:\/\/voyages-alpha-top-depart.com\/modele\/le-blog\/#primaryimage"},"image":{"@id":"http:\/\/voyages-alpha-top-depart.com\/modele\/le-blog\/#primaryimage"},"thumbnailUrl":"http:\/\/voyages-alpha-top-depart.com\/modele\/wp-content\/uploads\/sites\/9\/2025\/03\/mother-child-home-holding-airplane-figurine-top-map-scaled.jpg","datePublished":"2025-03-11T11:59:17+00:00","dateModified":"2025-03-11T12:00:02+00:00","breadcrumb":{"@id":"http:\/\/voyages-alpha-top-depart.com\/modele\/le-blog\/#breadcrumb"},"inLanguage":"fr-FR","potentialAction":[{"@type":"ReadAction","target":["http:\/\/voyages-alpha-top-depart.com\/modele\/le-blog\/"]}]},{"@type":"ImageObject","inLanguage":"fr-FR","@id":"http:\/\/voyages-alpha-top-depart.com\/modele\/le-blog\/#primaryimage","url":"http:\/\/voyages-alpha-top-depart.com\/modele\/wp-content\/uploads\/sites\/9\/2025\/03\/mother-child-home-holding-airplane-figurine-top-map-scaled.jpg","contentUrl":"http:\/\/voyages-alpha-top-depart.com\/modele\/wp-content\/uploads\/sites\/9\/2025\/03\/mother-child-home-holding-airplane-figurine-top-map-scaled.jpg","width":2560,"height":1955},{"@type":"BreadcrumbList","@id":"http:\/\/voyages-alpha-top-depart.com\/modele\/le-blog\/#breadcrumb","itemListElement":[{"@type":"ListItem","position":1,"name":"Accueil","item":"http:\/\/voyages-alpha-top-depart.com\/modele\/"},{"@type":"ListItem","position":2,"name":"Le blog"}]},{"@type":"WebSite","@id":"http:\/\/voyages-alpha-top-depart.com\/modele\/#website","url":"http:\/\/voyages-alpha-top-depart.com\/modele\/","name":"Mod\u00e8le","description":"Les voyages ALPHA TOP DEPART","potentialAction":[{"@type":"SearchAction","target":{"@type":"EntryPoint","urlTemplate":"http:\/\/voyages-alpha-top-depart.com\/modele\/?s={search_term_string}"},"query-input":{"@type":"PropertyValueSpecification","valueRequired":true,"valueName":"search_term_string"}}],"inLanguage":"fr-FR"}]}},"jetpack_sharing_enabled":true,"jetpack_shortlink":"https:\/\/wp.me\/P9SJM0-15","_links":{"self":[{"href":"http:\/\/voyages-alpha-top-depart.com\/modele\/wp-json\/wp\/v2\/pages\/67","targetHints":{"allow":["GET"]}}],"collection":[{"href":"http:\/\/voyages-alpha-top-depart.com\/modele\/wp-json\/wp\/v2\/pages"}],"about":[{"href":"http:\/\/voyages-alpha-top-depart.com\/modele\/wp-json\/wp\/v2\/types\/page"}],"author":[{"embeddable":true,"href":"http:\/\/voyages-alpha-top-depart.com\/modele\/wp-json\/wp\/v2\/users\/1"}],"replies":[{"embeddable":true,"href":"http:\/\/voyages-alpha-top-depart.com\/modele\/wp-json\/wp\/v2\/comments?post=67"}],"version-history":[{"count":1,"href":"http:\/\/voyages-alpha-top-depart.com\/modele\/wp-json\/wp\/v2\/pages\/67\/revisions"}],"predecessor-version":[{"id":70,"href":"http:\/\/voyages-alpha-top-depart.com\/modele\/wp-json\/wp\/v2\/pages\/67\/revisions\/70"}],"wp:featuredmedia":[{"embeddable":true,"href":"http:\/\/voyages-alpha-top-depart.com\/modele\/wp-json\/wp\/v2\/media\/66"}],"wp:attachment":[{"href":"http:\/\/voyages-alpha-top-depart.com\/modele\/wp-json\/wp\/v2\/media?parent=67"}],"curies":[{"name":"wp","href":"https:\/\/api.w.org\/{rel}","templated":true}]}}